{"id":10,"date":"2017-11-15T09:42:27","date_gmt":"2017-11-15T09:42:27","guid":{"rendered":"https:\/\/filmmakers.is\/?page_id=10"},"modified":"2023-09-06T01:57:52","modified_gmt":"2023-09-06T01:57:52","slug":"umfk","status":"publish","type":"page","link":"https:\/\/filmmakers.is\/?page_id=10","title":{"rendered":"Um FK"},"content":{"rendered":"<p><div class=\"fusion-fullwidth fullwidth-box fusion-builder-row-1 hundred-percent-fullwidth non-hundred-percent-height-scrolling\" style=\"--awb-border-radius-top-left:0px;--awb-border-radius-top-right:0px;--awb-border-radius-bottom-right:0px;--awb-border-radius-bottom-left:0px;--awb-padding-top:0px;--awb-padding-right:20px;--awb-padding-left:20px;--awb-margin-top:0px;--awb-background-color:#d2d2d2;--awb-flex-wrap:wrap;\" ><div class=\"fusion-builder-row fusion-row\"><div class=\"fusion-layout-column fusion_builder_column fusion-builder-column-0 fusion_builder_column_1_1 1_1 fusion-one-full fusion-column-first fusion-column-last\" style=\"--awb-bg-size:cover;--awb-margin-top:80px;--awb-margin-bottom:45px;\"><div class=\"fusion-column-wrapper fusion-flex-column-wrapper-legacy\"><div class=\"fusion-builder-row fusion-builder-row-inner fusion-row\"><div class=\"fusion-layout-column fusion_builder_column_inner fusion-builder-nested-column-0 fusion_builder_column_inner_1_3 1_3 fusion-one-third fusion-column-first\" style=\"--awb-bg-size:cover;width:33.333333333333%;width:calc(33.333333333333% - ( ( 4% ) * 0.33333333333333 ) );margin-right: 4%;\"><div class=\"fusion-column-wrapper fusion-column-has-shadow fusion-flex-column-wrapper-legacy\"><div class=\"fusion-image-element fusion-image-align-left in-legacy-container\" style=\"text-align:left;--awb-max-width:1000px;--awb-caption-title-font-family:var(--h2_typography-font-family);--awb-caption-title-font-weight:var(--h2_typography-font-weight);--awb-caption-title-font-style:var(--h2_typography-font-style);--awb-caption-title-size:var(--h2_typography-font-size);--awb-caption-title-transform:var(--h2_typography-text-transform);--awb-caption-title-line-height:var(--h2_typography-line-height);--awb-caption-title-letter-spacing:var(--h2_typography-letter-spacing);\"><span class=\" fusion-imageframe imageframe-none imageframe-1 hover-type-none\" style=\"margin-right:25px;float:left;\"><img decoding=\"async\" width=\"1024\" height=\"652\" title=\"ElvaSara\" src=\"https:\/\/filmmakers.is\/wp-content\/uploads\/2020\/01\/ElvaSara_-9-2-e1587073281618-1024x652.jpg\" alt class=\"img-responsive wp-image-2751\" srcset=\"https:\/\/filmmakers.is\/wp-content\/uploads\/2020\/01\/ElvaSara_-9-2-e1587073281618-200x127.jpg 200w, https:\/\/filmmakers.is\/wp-content\/uploads\/2020\/01\/ElvaSara_-9-2-e1587073281618-400x255.jpg 400w, https:\/\/filmmakers.is\/wp-content\/uploads\/2020\/01\/ElvaSara_-9-2-e1587073281618-600x382.jpg 600w, https:\/\/filmmakers.is\/wp-content\/uploads\/2020\/01\/ElvaSara_-9-2-e1587073281618-800x510.jpg 800w, https:\/\/filmmakers.is\/wp-content\/uploads\/2020\/01\/ElvaSara_-9-2-e1587073281618-1200x765.jpg 1200w, https:\/\/filmmakers.is\/wp-content\/uploads\/2020\/01\/ElvaSara_-9-2-e1587073281618.jpg 1560w\" sizes=\"(max-width: 1000px) 100vw, 1024px\" \/><\/span><\/div><div class=\"fusion-clearfix\"><\/div><\/div><\/div><div class=\"fusion-layout-column fusion_builder_column_inner fusion-builder-nested-column-1 fusion_builder_column_inner_2_3 2_3 fusion-two-third fusion-column-last\" style=\"--awb-padding-right:35px;--awb-bg-size:cover;width:66.666666666667%;width:calc(66.666666666667% - ( ( 4% ) * 0.66666666666667 ) );\"><div class=\"fusion-column-wrapper fusion-column-has-shadow fusion-flex-column-wrapper-legacy\"><div class=\"fusion-title title fusion-title-1 fusion-title-text fusion-title-size-two\" style=\"--awb-text-color:#292929;--awb-margin-top-small:30px;\"><h2 class=\"fusion-title-heading title-heading-left fusion-responsive-typography-calculated\" style=\"margin:0;--fontSize:50;line-height:1.05;\">UM F\u00c9LAG KVIKMYNDAGER\u00d0ARMANNA<\/h2><span class=\"awb-title-spacer\"><\/span><div class=\"title-sep-container\"><div class=\"title-sep sep- sep-solid\" style=\"border-color:#8b8b8b;\"><\/div><\/div><\/div><div class=\"fusion-sep-clear\"><\/div><div class=\"fusion-separator fusion-clearfix\" style=\"float:left;margin-top:16px;margin-bottom:36px;width:100%;max-width:130px;\"><div class=\"fusion-separator-border sep-single\" style=\"--awb-height:20px;--awb-amount:20px;--awb-sep-color:#d63d2d;border-color:#d63d2d;border-top-width:2px;\"><\/div><\/div><div class=\"fusion-sep-clear\"><\/div><div class=\"fusion-text fusion-text-1\"><p>F\u00e9lag kvikmyndager\u00f0armanna var stofna\u00f0 1966 me\u00f0 \u00fea\u00f0 a\u00f0 markmi\u00f0i a\u00f0 standa v\u00f6r\u00f0 um hagsmuni og h\u00f6fundarr\u00e9tt kvikmyndager\u00f0armanna.<\/p>\n<p>\u00cd dag er f\u00e9lagi\u00f0 hagsmunaf\u00e9lag allra sem vinna vi\u00f0 kvikmyndager\u00f0 og markmi\u00f0 \u00feess er enn a\u00f0 standa v\u00f6r\u00f0 um h\u00f6fundarr\u00e9tt og hagsmuni f\u00e9lagsmanna b\u00e6\u00f0i faglega og st\u00e9ttarlega auk \u00feess a\u00f0 stu\u00f0la a\u00f0 skapandi, listr\u00e6nni og menningarlegri kvikmyndager\u00f0. F\u00e9lagi\u00f0 kemur fram fyrir h\u00f6nd f\u00e9lagsmanna gagnvart stj\u00f3rnv\u00f6ldum, menningarstofnunum og \u00f6\u00f0rum f\u00e9lagasamt\u00f6kum.<\/p>\n<p>F\u00e9lagi\u00f0 b\u00fd\u00f0ur alla fagmenn \u00ed kvikmyndager\u00f0 \u00e1 \u00cdslandi velkomna.<\/p>\n<\/div><div class=\"fusion-clearfix\"><\/div><\/div><\/div><\/div><div class=\"fusion-clearfix\"><\/div><\/div><\/div><\/div><\/div><div class=\"fusion-fullwidth fullwidth-box fusion-builder-row-2 fusion-parallax-fixed hundred-percent-fullwidth non-hundred-percent-height-scrolling\" style=\"--awb-border-radius-top-left:0px;--awb-border-radius-top-right:0px;--awb-border-radius-bottom-right:0px;--awb-border-radius-bottom-left:0px;--awb-padding-top:30px;--awb-padding-bottom:0px;--awb-margin-top:0px;--awb-margin-bottom:0px;--awb-background-color:#292929;--awb-background-image:url(&quot;https:\/\/filmmakers.is\/wp-content\/uploads\/2019\/10\/page_BG_black-1024x543.jpg&quot;);--awb-background-size:cover;--awb-flex-wrap:wrap;background-attachment:fixed;\" ><div class=\"fusion-builder-row fusion-row\"><div class=\"fusion-layout-column fusion_builder_column fusion-builder-column-1 fusion_builder_column_1_5 1_5 fusion-one-fifth fusion-column-first fusion-column-inner-bg-wrapper fusion-animated\" style=\"--awb-inner-bg-size:cover;--awb-margin-top:45px;--awb-margin-bottom:45px;width:20%;width:calc(20% - ( ( 6% + 6% + 6% + 6% ) * 0.2 ) );margin-right: 6%;\" data-animationType=\"slideInUp\" data-animationDuration=\"0.5\" data-animationOffset=\"top-into-view\"><span class=\"fusion-column-inner-bg hover-type-zoomin\"><a class=\"fusion-column-anchor\" href=\"\/index.php\/umfk\/saga\/\"><span class=\"fusion-column-inner-bg-image\"><\/span><\/a><\/span><div class=\"fusion-column-wrapper fusion-flex-column-wrapper-legacy\"><div class=\"fusion-fa-align-center\"><i class=\"fb-icon-element-1 fb-icon-element fontawesome-icon fa-history fas circle-yes\" style=\"--awb-circlebordersize:1px;--awb-font-size:42.24px;--awb-width:84.48px;--awb-height:84.48px;--awb-line-height:82.48px;--awb-margin-bottom:30px;\"><\/i><\/div><div class=\"fusion-title title fusion-title-2 fusion-sep-none fusion-title-center fusion-title-text fusion-title-size-three\"><h3 class=\"fusion-title-heading title-heading-center fusion-responsive-typography-calculated\" style=\"margin:0;--fontSize:26;line-height:1.15;\">Saga f\u00e9lagsins<\/h3><\/div><div class=\"fusion-sep-clear\"><\/div><div class=\"fusion-separator fusion-full-width-sep\" style=\"margin-left: auto;margin-right: auto;margin-top:20px;width:100%;\"><\/div><div class=\"fusion-sep-clear\"><\/div><div class=\"fusion-clearfix\"><\/div><\/div><\/div><div class=\"fusion-layout-column fusion_builder_column fusion-builder-column-2 fusion_builder_column_1_5 1_5 fusion-one-fifth fusion-column-inner-bg-wrapper fusion-animated\" style=\"--awb-inner-bg-size:cover;--awb-margin-top:45px;--awb-margin-bottom:45px;width:20%;width:calc(20% - ( ( 6% + 6% + 6% + 6% ) * 0.2 ) );margin-right: 6%;\" data-animationType=\"slideInUp\" data-animationDuration=\"0.5\" data-animationOffset=\"top-into-view\"><span class=\"fusion-column-inner-bg hover-type-none\"><a class=\"fusion-column-anchor\" href=\"\/index.php\/stjorn-fk\/\"><span class=\"fusion-column-inner-bg-image\"><\/span><\/a><\/span><div class=\"fusion-column-wrapper fusion-flex-column-wrapper-legacy\"><div class=\"fusion-fa-align-center\"><i class=\"fb-icon-element-2 fb-icon-element fontawesome-icon fa-users-cog fas circle-yes\" style=\"--awb-circlebordersize:1px;--awb-font-size:42.24px;--awb-width:84.48px;--awb-height:84.48px;--awb-line-height:82.48px;--awb-margin-bottom:30px;\"><\/i><\/div><div class=\"fusion-title title fusion-title-3 fusion-sep-none fusion-title-center fusion-title-text fusion-title-size-three\"><h3 class=\"fusion-title-heading title-heading-center fusion-responsive-typography-calculated\" style=\"margin:0;--fontSize:26;line-height:1.15;\">Stj\u00f3rn FK<\/h3><\/div><div class=\"fusion-sep-clear\"><\/div><div class=\"fusion-separator fusion-full-width-sep\" style=\"margin-left: auto;margin-right: auto;margin-top:20px;width:100%;\"><\/div><div class=\"fusion-sep-clear\"><\/div><div class=\"fusion-clearfix\"><\/div><\/div><\/div><div class=\"fusion-layout-column fusion_builder_column fusion-builder-column-3 fusion_builder_column_1_5 1_5 fusion-one-fifth fusion-column-inner-bg-wrapper fusion-animated\" style=\"--awb-inner-bg-size:cover;--awb-margin-top:45px;--awb-margin-bottom:45px;width:20%;width:calc(20% - ( ( 6% + 6% + 6% + 6% ) * 0.2 ) );margin-right: 6%;\" data-animationType=\"slideInUp\" data-animationDuration=\"0.5\" data-animationOffset=\"top-into-view\"><span class=\"fusion-column-inner-bg hover-type-none\"><a class=\"fusion-column-anchor\" href=\"\/index.php\/umfk\/starfsemi\/%20\"><span class=\"fusion-column-inner-bg-image\"><\/span><\/a><\/span><div class=\"fusion-column-wrapper fusion-flex-column-wrapper-legacy\"><div class=\"fusion-fa-align-center\"><i class=\"fb-icon-element-3 fb-icon-element fontawesome-icon fa-tasks fas circle-yes\" style=\"--awb-circlebordersize:1px;--awb-font-size:42.24px;--awb-width:84.48px;--awb-height:84.48px;--awb-line-height:82.48px;--awb-margin-bottom:30px;\"><\/i><\/div><div class=\"fusion-title title fusion-title-4 fusion-sep-none fusion-title-center fusion-title-text fusion-title-size-three\"><h3 class=\"fusion-title-heading title-heading-center fusion-responsive-typography-calculated\" style=\"margin:0;--fontSize:26;line-height:1.15;\">Starfsemi<\/h3><\/div><div class=\"fusion-sep-clear\"><\/div><div class=\"fusion-separator fusion-full-width-sep\" style=\"margin-left: auto;margin-right: auto;margin-top:20px;width:100%;\"><\/div><div class=\"fusion-sep-clear\"><\/div><div class=\"fusion-clearfix\"><\/div><\/div><\/div><div class=\"fusion-layout-column fusion_builder_column fusion-builder-column-4 fusion_builder_column_1_5 1_5 fusion-one-fifth fusion-column-inner-bg-wrapper fusion-animated\" style=\"--awb-inner-bg-size:cover;--awb-margin-top:45px;--awb-margin-bottom:45px;width:20%;width:calc(20% - ( ( 6% + 6% + 6% + 6% ) * 0.2 ) );margin-right: 6%;\" data-animationType=\"slideInUp\" data-animationDuration=\"0.5\" data-animationOffset=\"top-into-view\"><span class=\"fusion-column-inner-bg hover-type-none\"><a class=\"fusion-column-anchor\" href=\"\/index.php\/umfk\/heidursfelagar\/\"><span class=\"fusion-column-inner-bg-image\"><\/span><\/a><\/span><div class=\"fusion-column-wrapper fusion-flex-column-wrapper-legacy\"><div class=\"fusion-fa-align-center\"><i class=\"fb-icon-element-4 fb-icon-element fontawesome-icon fa-award fas circle-yes\" style=\"--awb-circlebordersize:1px;--awb-font-size:42.24px;--awb-width:84.48px;--awb-height:84.48px;--awb-line-height:82.48px;--awb-margin-bottom:30px;\"><\/i><\/div><div class=\"fusion-title title fusion-title-5 fusion-sep-none fusion-title-center fusion-title-text fusion-title-size-three\"><h3 class=\"fusion-title-heading title-heading-center fusion-responsive-typography-calculated\" style=\"margin:0;--fontSize:26;line-height:1.15;\">Hei\u00f0ursf\u00e9lagar<\/h3><\/div><div class=\"fusion-sep-clear\"><\/div><div class=\"fusion-separator fusion-full-width-sep\" style=\"margin-left: auto;margin-right: auto;margin-top:20px;width:100%;\"><\/div><div class=\"fusion-sep-clear\"><\/div><div class=\"fusion-clearfix\"><\/div><\/div><\/div><div class=\"fusion-layout-column fusion_builder_column fusion-builder-column-5 fusion_builder_column_1_5 1_5 fusion-one-fifth fusion-column-last fusion-column-inner-bg-wrapper fusion-animated\" style=\"--awb-inner-bg-size:cover;--awb-margin-top:45px;--awb-margin-bottom:45px;width:20%;width:calc(20% - ( ( 6% + 6% + 6% + 6% ) * 0.2 ) );\" data-animationType=\"slideInUp\" data-animationDuration=\"0.5\" data-animationOffset=\"top-into-view\"><span class=\"fusion-column-inner-bg hover-type-none\"><a class=\"fusion-column-anchor\" href=\"\/index.php\/umfk\/log-felagsins\/\"><span class=\"fusion-column-inner-bg-image\"><\/span><\/a><\/span><div class=\"fusion-column-wrapper fusion-flex-column-wrapper-legacy\"><div class=\"fusion-fa-align-center\"><i class=\"fb-icon-element-5 fb-icon-element fontawesome-icon fa-gavel fas circle-yes\" style=\"--awb-circlebordersize:1px;--awb-font-size:42.24px;--awb-width:84.48px;--awb-height:84.48px;--awb-line-height:82.48px;--awb-margin-bottom:30px;\"><\/i><\/div><div class=\"fusion-title title fusion-title-6 fusion-sep-none fusion-title-center fusion-title-text fusion-title-size-three\"><h3 class=\"fusion-title-heading title-heading-center fusion-responsive-typography-calculated\" style=\"margin:0;--fontSize:26;line-height:1.15;\">L\u00f6g f\u00e9lagsins<\/h3><\/div><div class=\"fusion-sep-clear\"><\/div><div class=\"fusion-separator fusion-full-width-sep\" style=\"margin-left: auto;margin-right: auto;margin-top:20px;width:100%;\"><\/div><div class=\"fusion-sep-clear\"><\/div><div class=\"fusion-clearfix\"><\/div><\/div><\/div><\/div><\/div><\/p>\n","protected":false},"excerpt":{"rendered":"","protected":false},"author":1,"featured_media":0,"parent":0,"menu_order":0,"comment_status":"closed","ping_status":"closed","template":"100-width.php","meta":{"footnotes":""},"class_list":["post-10","page","type-page","status-publish","hentry"],"yoast_head":"<!-- This site is optimized with the Yoast SEO plugin v27.3 - https:\/\/yoast.com\/product\/yoast-seo-wordpress\/ -->\n<title>Um FK - FK<\/title>\n<meta name=\"robots\" content=\"index, follow, max-snippet:-1, max-image-preview:large, max-video-preview:-1\" \/>\n<link rel=\"canonical\" href=\"https:\/\/filmmakers.is\/?page_id=10\" \/>\n<meta property=\"og:locale\" content=\"en_US\" \/>\n<meta property=\"og:type\" content=\"article\" \/>\n<meta property=\"og:title\" content=\"Um FK - FK\" \/>\n<meta property=\"og:url\" content=\"https:\/\/filmmakers.is\/?page_id=10\" \/>\n<meta property=\"og:site_name\" content=\"FK\" \/>\n<meta property=\"article:publisher\" content=\"https:\/\/www.facebook.com\/fagfelagidFK\/\" \/>\n<meta property=\"article:modified_time\" content=\"2023-09-06T01:57:52+00:00\" \/>\n<meta name=\"twitter:card\" content=\"summary_large_image\" \/>\n<meta name=\"twitter:label1\" content=\"Est. reading time\" \/>\n\t<meta name=\"twitter:data1\" content=\"10 minutes\" \/>\n<script type=\"application\/ld+json\" class=\"yoast-schema-graph\">{\"@context\":\"https:\\\/\\\/schema.org\",\"@graph\":[{\"@type\":\"WebPage\",\"@id\":\"https:\\\/\\\/filmmakers.is\\\/?page_id=10\",\"url\":\"https:\\\/\\\/filmmakers.is\\\/?page_id=10\",\"name\":\"Um FK - FK\",\"isPartOf\":{\"@id\":\"https:\\\/\\\/filmmakers.is\\\/#website\"},\"datePublished\":\"2017-11-15T09:42:27+00:00\",\"dateModified\":\"2023-09-06T01:57:52+00:00\",\"breadcrumb\":{\"@id\":\"https:\\\/\\\/filmmakers.is\\\/?page_id=10#breadcrumb\"},\"inLanguage\":\"en-US\",\"potentialAction\":[{\"@type\":\"ReadAction\",\"target\":[\"https:\\\/\\\/filmmakers.is\\\/?page_id=10\"]}]},{\"@type\":\"BreadcrumbList\",\"@id\":\"https:\\\/\\\/filmmakers.is\\\/?page_id=10#breadcrumb\",\"itemListElement\":[{\"@type\":\"ListItem\",\"position\":1,\"name\":\"Home\",\"item\":\"https:\\\/\\\/filmmakers.is\\\/\"},{\"@type\":\"ListItem\",\"position\":2,\"name\":\"Um FK\"}]},{\"@type\":\"WebSite\",\"@id\":\"https:\\\/\\\/filmmakers.is\\\/#website\",\"url\":\"https:\\\/\\\/filmmakers.is\\\/\",\"name\":\"FK\",\"description\":\"F\u00e9lag kvikmyndager\u00f0amanna\",\"publisher\":{\"@id\":\"https:\\\/\\\/filmmakers.is\\\/#organization\"},\"potentialAction\":[{\"@type\":\"SearchAction\",\"target\":{\"@type\":\"EntryPoint\",\"urlTemplate\":\"https:\\\/\\\/filmmakers.is\\\/?s={search_term_string}\"},\"query-input\":{\"@type\":\"PropertyValueSpecification\",\"valueRequired\":true,\"valueName\":\"search_term_string\"}}],\"inLanguage\":\"en-US\"},{\"@type\":\"Organization\",\"@id\":\"https:\\\/\\\/filmmakers.is\\\/#organization\",\"name\":\"F\u00e9lag kvikmyndager\u00f0armanna\",\"alternateName\":\"The Icelandic filmmakers association\",\"url\":\"https:\\\/\\\/filmmakers.is\\\/\",\"logo\":{\"@type\":\"ImageObject\",\"inLanguage\":\"en-US\",\"@id\":\"https:\\\/\\\/filmmakers.is\\\/#\\\/schema\\\/logo\\\/image\\\/\",\"url\":\"https:\\\/\\\/filmmakers.is\\\/wp-content\\\/uploads\\\/2024\\\/12\\\/FK_logo_2.png\",\"contentUrl\":\"https:\\\/\\\/filmmakers.is\\\/wp-content\\\/uploads\\\/2024\\\/12\\\/FK_logo_2.png\",\"width\":594,\"height\":244,\"caption\":\"F\u00e9lag kvikmyndager\u00f0armanna\"},\"image\":{\"@id\":\"https:\\\/\\\/filmmakers.is\\\/#\\\/schema\\\/logo\\\/image\\\/\"},\"sameAs\":[\"https:\\\/\\\/www.facebook.com\\\/fagfelagidFK\\\/\"]}]}<\/script>\n<!-- \/ Yoast SEO plugin. -->","yoast_head_json":{"title":"Um FK - FK","robots":{"index":"index","follow":"follow","max-snippet":"max-snippet:-1","max-image-preview":"max-image-preview:large","max-video-preview":"max-video-preview:-1"},"canonical":"https:\/\/filmmakers.is\/?page_id=10","og_locale":"en_US","og_type":"article","og_title":"Um FK - FK","og_url":"https:\/\/filmmakers.is\/?page_id=10","og_site_name":"FK","article_publisher":"https:\/\/www.facebook.com\/fagfelagidFK\/","article_modified_time":"2023-09-06T01:57:52+00:00","twitter_card":"summary_large_image","twitter_misc":{"Est. reading time":"10 minutes"},"schema":{"@context":"https:\/\/schema.org","@graph":[{"@type":"WebPage","@id":"https:\/\/filmmakers.is\/?page_id=10","url":"https:\/\/filmmakers.is\/?page_id=10","name":"Um FK - FK","isPartOf":{"@id":"https:\/\/filmmakers.is\/#website"},"datePublished":"2017-11-15T09:42:27+00:00","dateModified":"2023-09-06T01:57:52+00:00","breadcrumb":{"@id":"https:\/\/filmmakers.is\/?page_id=10#breadcrumb"},"inLanguage":"en-US","potentialAction":[{"@type":"ReadAction","target":["https:\/\/filmmakers.is\/?page_id=10"]}]},{"@type":"BreadcrumbList","@id":"https:\/\/filmmakers.is\/?page_id=10#breadcrumb","itemListElement":[{"@type":"ListItem","position":1,"name":"Home","item":"https:\/\/filmmakers.is\/"},{"@type":"ListItem","position":2,"name":"Um FK"}]},{"@type":"WebSite","@id":"https:\/\/filmmakers.is\/#website","url":"https:\/\/filmmakers.is\/","name":"FK","description":"F\u00e9lag kvikmyndager\u00f0amanna","publisher":{"@id":"https:\/\/filmmakers.is\/#organization"},"potentialAction":[{"@type":"SearchAction","target":{"@type":"EntryPoint","urlTemplate":"https:\/\/filmmakers.is\/?s={search_term_string}"},"query-input":{"@type":"PropertyValueSpecification","valueRequired":true,"valueName":"search_term_string"}}],"inLanguage":"en-US"},{"@type":"Organization","@id":"https:\/\/filmmakers.is\/#organization","name":"F\u00e9lag kvikmyndager\u00f0armanna","alternateName":"The Icelandic filmmakers association","url":"https:\/\/filmmakers.is\/","logo":{"@type":"ImageObject","inLanguage":"en-US","@id":"https:\/\/filmmakers.is\/#\/schema\/logo\/image\/","url":"https:\/\/filmmakers.is\/wp-content\/uploads\/2024\/12\/FK_logo_2.png","contentUrl":"https:\/\/filmmakers.is\/wp-content\/uploads\/2024\/12\/FK_logo_2.png","width":594,"height":244,"caption":"F\u00e9lag kvikmyndager\u00f0armanna"},"image":{"@id":"https:\/\/filmmakers.is\/#\/schema\/logo\/image\/"},"sameAs":["https:\/\/www.facebook.com\/fagfelagidFK\/"]}]}},"jetpack_sharing_enabled":true,"_links":{"self":[{"href":"https:\/\/filmmakers.is\/index.php?rest_route=\/wp\/v2\/pages\/10","targetHints":{"allow":["GET"]}}],"collection":[{"href":"https:\/\/filmmakers.is\/index.php?rest_route=\/wp\/v2\/pages"}],"about":[{"href":"https:\/\/filmmakers.is\/index.php?rest_route=\/wp\/v2\/types\/page"}],"author":[{"embeddable":true,"href":"https:\/\/filmmakers.is\/index.php?rest_route=\/wp\/v2\/users\/1"}],"replies":[{"embeddable":true,"href":"https:\/\/filmmakers.is\/index.php?rest_route=%2Fwp%2Fv2%2Fcomments&post=10"}],"version-history":[{"count":76,"href":"https:\/\/filmmakers.is\/index.php?rest_route=\/wp\/v2\/pages\/10\/revisions"}],"predecessor-version":[{"id":4621,"href":"https:\/\/filmmakers.is\/index.php?rest_route=\/wp\/v2\/pages\/10\/revisions\/4621"}],"wp:attachment":[{"href":"https:\/\/filmmakers.is\/index.php?rest_route=%2Fwp%2Fv2%2Fmedia&parent=10"}],"curies":[{"name":"wp","href":"https:\/\/api.w.org\/{rel}","templated":true}]}}