{"id":14,"date":"2017-11-15T09:43:04","date_gmt":"2017-11-15T09:43:04","guid":{"rendered":"https:\/\/filmmakers.is\/?page_id=14"},"modified":"2020-05-02T21:40:56","modified_gmt":"2020-05-02T21:40:56","slug":"frettir","status":"publish","type":"page","link":"https:\/\/filmmakers.is\/?page_id=14","title":{"rendered":"Fr\u00e9ttir"},"content":{"rendered":"<div class=\"fusion-fullwidth fullwidth-box fusion-builder-row-1 nonhundred-percent-fullwidth non-hundred-percent-height-scrolling\" style=\"--awb-background-repeat:repeat-x;--awb-background-blend-mode:overlay;--awb-border-radius-top-left:0px;--awb-border-radius-top-right:0px;--awb-border-radius-bottom-right:0px;--awb-border-radius-bottom-left:0px;--awb-padding-top:40px;--awb-padding-bottom:40px;--awb-flex-wrap:wrap;\" ><div class=\"fusion-builder-row fusion-row\"><div class=\"fusion-layout-column fusion_builder_column fusion-builder-column-0 fusion_builder_column_1_1 1_1 fusion-one-full fusion-column-first fusion-column-last fusion-animated\" style=\"--awb-bg-size:cover;--awb-margin-top:80px;--awb-margin-bottom:50px;\" data-animationType=\"slideInUp\" data-animationDuration=\"0.9\" data-animationOffset=\"top-into-view\"><div class=\"fusion-column-wrapper fusion-column-has-shadow fusion-flex-column-wrapper-legacy\"><div class=\"fusion-blog-shortcode fusion-blog-shortcode-1 fusion-blog-archive fusion-blog-layout-grid-wrapper fusion-blog-infinite\" style=\"--grid_separator_color:#e0e0e0;\"><style type=\"text\/css\">.fusion-blog-shortcode-1 .fusion-blog-layout-grid .fusion-post-grid{padding:20px;}.fusion-blog-shortcode-1 .fusion-posts-container{margin-left: -20px !important; margin-right:-20px !important;}<\/style><div class=\"fusion-posts-container fusion-posts-container-infinite fusion-posts-container-load-more fusion-blog-rollover fusion-blog-layout-grid fusion-blog-layout-grid-2 isotope fusion-blog-equal-heights\" data-pages=\"12\" data-grid-col-space=\"40\" style=\"margin: -20px -20px 0;min-height:500px;\"><article id=\"blog-1-post-4850\" class=\"fusion-post-grid post-4850 post type-post status-publish format-standard has-post-thumbnail hentry category-atburdir category-fk category-frettir category-greinar\">\n<div class=\"fusion-post-wrapper\" style=\"background-color:rgba(255,255,255,1);border:1px solid #e0e0e0;border-bottom-width:3px;\">\n\n\t\t\t<div class=\"fusion-flexslider flexslider fusion-flexslider-loading fusion-post-slideshow\" style=\"border-color:#e0e0e0;\">\n\t\t<ul class=\"slides\">\n\t\t\t\n\t\t\t\t\t\t\t\t\t\t\t\t\t\t<li><div  class=\"fusion-image-wrapper\" aria-haspopup=\"true\">\n\t\t\t\t<img decoding=\"async\" width=\"1920\" height=\"1080\" src=\"https:\/\/filmmakers.is\/wp-content\/uploads\/2024\/09\/Nordisk-Panorama-2024_Collage1.jpg\" class=\"attachment-full size-full wp-post-image\" alt=\"\" srcset=\"https:\/\/filmmakers.is\/wp-content\/uploads\/2024\/09\/Nordisk-Panorama-2024_Collage1-200x113.jpg 200w, https:\/\/filmmakers.is\/wp-content\/uploads\/2024\/09\/Nordisk-Panorama-2024_Collage1-400x225.jpg 400w, https:\/\/filmmakers.is\/wp-content\/uploads\/2024\/09\/Nordisk-Panorama-2024_Collage1-600x338.jpg 600w, https:\/\/filmmakers.is\/wp-content\/uploads\/2024\/09\/Nordisk-Panorama-2024_Collage1-800x450.jpg 800w, https:\/\/filmmakers.is\/wp-content\/uploads\/2024\/09\/Nordisk-Panorama-2024_Collage1-1200x675.jpg 1200w, https:\/\/filmmakers.is\/wp-content\/uploads\/2024\/09\/Nordisk-Panorama-2024_Collage1.jpg 1920w\" sizes=\"(min-width: 2200px) 100vw, (min-width: 712px) 570px, (min-width: 640px) 712px, \" \/><div class=\"fusion-rollover\">\n\t<div class=\"fusion-rollover-content\">\n\n\t\t\t\t\t\t\t\t\t\t\t\t\t\t<a class=\"fusion-rollover-link\" href=\"https:\/\/filmmakers.is\/?p=4850\">Sigurj\u00f3n Sighvatsson fulltr\u00fai \u00cdslands \u00e1samt fleirum<\/a>\n\t\t\t\n\t\t\t\t\t\t\t\t\n\t\t\n\t\t\t\t\t\t\t\t\t\t\t\t<h4 class=\"fusion-rollover-title\">\n\t\t\t\t\t<a class=\"fusion-rollover-title-link\" href=\"https:\/\/filmmakers.is\/?p=4850\">\n\t\t\t\t\t\tSigurj\u00f3n Sighvatsson fulltr\u00fai \u00cdslands \u00e1samt fleirum\t\t\t\t\t<\/a>\n\t\t\t\t<\/h4>\n\t\t\t\n\t\t\t\t\t\t\t\t\n\t\t\n\t\t\t\t\t\t<a class=\"fusion-link-wrapper\" href=\"https:\/\/filmmakers.is\/?p=4850\" aria-label=\"Sigurj\u00f3n Sighvatsson fulltr\u00fai \u00cdslands \u00e1samt fleirum\"><\/a>\n\t<\/div>\n<\/div>\n<\/div>\n<\/li>\n\t\t\t\n\t\t\t\n\t\t\t\t\t\t\t\t\t\t\t\t\t\t\t\t\t\t\t\t\t\t\t\t\t\t\t\t\t\t\t\t\t\t\t\t\t\t\t\t\t\t\t\t\t\t\t\t\t\t\t\t\t\t\t\t\t\t\t\t\t\t\t\t\t\t\t\t<\/ul>\n\t<\/div>\n\t<div class=\"fusion-post-content-wrapper\" style=\"padding:40px 26px 50px 26px;\"><div class=\"fusion-post-content post-content\"><h2 class=\"blog-shortcode-post-title entry-title\"><a href=\"https:\/\/filmmakers.is\/?p=4850\">Sigurj\u00f3n Sighvatsson fulltr\u00fai \u00cdslands \u00e1samt fleirum<\/a><\/h2><p class=\"fusion-single-line-meta\"><span class=\"vcard\" style=\"display: none;\"><span class=\"fn\"><a href=\"https:\/\/filmmakers.is\/?author=5\" title=\"Posts by Steingrimur Dui Masson\" rel=\"author\">Steingrimur Dui Masson<\/a><\/span><\/span><span class=\"updated\" style=\"display:none;\">2024-09-21T15:16:24+00:00<\/span><span>September 21st, 2024<\/span><span class=\"fusion-inline-sep\">|<\/span><\/p><div class=\"fusion-content-sep sep-single sep-solid\"><\/div><div class=\"fusion-post-content-container\"><p>N\u00fa stendur yfir ein af helstu <a href=\"https:\/\/filmmakers.is\/?p=4850\"> [...]<\/a><\/p><\/div><\/div><div class=\"fusion-meta-info\"><div class=\"fusion-alignleft\"><a class=\"fusion-read-more\" href=\"https:\/\/filmmakers.is\/?p=4850\" aria-label=\"More on Sigurj\u00f3n Sighvatsson fulltr\u00fai \u00cdslands \u00e1samt fleirum\">Read More<\/a><\/div><\/div><\/div><div class=\"fusion-clearfix\"><\/div><\/div>\n<\/article>\n<article id=\"blog-1-post-4827\" class=\"fusion-post-grid post-4827 post type-post status-publish format-standard hentry category-auglysing-auglysingarsvaedi category-fk category-frettir category-greinar\">\n<div class=\"fusion-post-wrapper\" style=\"background-color:rgba(255,255,255,1);border:1px solid #e0e0e0;border-bottom-width:3px;\">\n\n<div class=\"fusion-post-content-wrapper\" style=\"padding:40px 26px 50px 26px;\"><div class=\"fusion-post-content post-content\"><h2 class=\"blog-shortcode-post-title entry-title\"><a href=\"https:\/\/filmmakers.is\/?p=4827\">\u00c1rssk\u00fdrsla 2023-2024<\/a><\/h2><p class=\"fusion-single-line-meta\"><span class=\"vcard\" style=\"display: none;\"><span class=\"fn\"><a href=\"https:\/\/filmmakers.is\/?author=5\" title=\"Posts by Steingrimur Dui Masson\" rel=\"author\">Steingrimur Dui Masson<\/a><\/span><\/span><span class=\"updated\" style=\"display:none;\">2024-12-12T16:56:12+00:00<\/span><span>July 25th, 2024<\/span><span class=\"fusion-inline-sep\">|<\/span><\/p><div class=\"fusion-content-sep sep-single sep-solid\"><\/div><div class=\"fusion-post-content-container\"><p>A\u00f0alfundur F\u00e9lags kvikmyndager<a href=\"https:\/\/filmmakers.is\/?p=4827\"> [...]<\/a><\/p><\/div><\/div><div class=\"fusion-meta-info\"><div class=\"fusion-alignleft\"><a class=\"fusion-read-more\" href=\"https:\/\/filmmakers.is\/?p=4827\" aria-label=\"More on \u00c1rssk\u00fdrsla 2023-2024\">Read More<\/a><\/div><\/div><\/div><div class=\"fusion-clearfix\"><\/div><\/div>\n<\/article>\n<article id=\"blog-1-post-4704\" class=\"fusion-post-grid post-4704 post type-post status-publish format-standard has-post-thumbnail hentry category-auglysing-auglysingarsvaedi category-tilkynning category-fk category-frettir\">\n<div class=\"fusion-post-wrapper\" style=\"background-color:rgba(255,255,255,1);border:1px solid #e0e0e0;border-bottom-width:3px;\">\n\n\t\t\t<div class=\"fusion-flexslider flexslider fusion-flexslider-loading fusion-post-slideshow\" style=\"border-color:#e0e0e0;\">\n\t\t<ul class=\"slides\">\n\t\t\t\n\t\t\t\t\t\t\t\t\t\t\t\t\t\t<li><div  class=\"fusion-image-wrapper\" aria-haspopup=\"true\">\n\t\t\t\t<img decoding=\"async\" width=\"2560\" height=\"1920\" src=\"https:\/\/filmmakers.is\/wp-content\/uploads\/2024\/02\/IMG_8880-scaled.jpeg\" class=\"attachment-full size-full wp-post-image\" alt=\"\" srcset=\"https:\/\/filmmakers.is\/wp-content\/uploads\/2024\/02\/IMG_8880-200x150.jpeg 200w, https:\/\/filmmakers.is\/wp-content\/uploads\/2024\/02\/IMG_8880-400x300.jpeg 400w, https:\/\/filmmakers.is\/wp-content\/uploads\/2024\/02\/IMG_8880-600x450.jpeg 600w, https:\/\/filmmakers.is\/wp-content\/uploads\/2024\/02\/IMG_8880-800x600.jpeg 800w, https:\/\/filmmakers.is\/wp-content\/uploads\/2024\/02\/IMG_8880-1200x900.jpeg 1200w, https:\/\/filmmakers.is\/wp-content\/uploads\/2024\/02\/IMG_8880-scaled.jpeg 2560w\" sizes=\"(min-width: 2200px) 100vw, (min-width: 712px) 570px, (min-width: 640px) 712px, \" \/><div class=\"fusion-rollover\">\n\t<div class=\"fusion-rollover-content\">\n\n\t\t\t\t\t\t\t\t\t\t\t\t\t\t<a class=\"fusion-rollover-link\" href=\"https:\/\/filmmakers.is\/?p=4704\">Fr\u00e9ttabr\u00e9f FK<\/a>\n\t\t\t\n\t\t\t\t\t\t\t\t\n\t\t\n\t\t\t\t\t\t\t\t\t\t\t\t<h4 class=\"fusion-rollover-title\">\n\t\t\t\t\t<a class=\"fusion-rollover-title-link\" href=\"https:\/\/filmmakers.is\/?p=4704\">\n\t\t\t\t\t\tFr\u00e9ttabr\u00e9f FK\t\t\t\t\t<\/a>\n\t\t\t\t<\/h4>\n\t\t\t\n\t\t\t\t\t\t\t\t\n\t\t\n\t\t\t\t\t\t<a class=\"fusion-link-wrapper\" href=\"https:\/\/filmmakers.is\/?p=4704\" aria-label=\"Fr\u00e9ttabr\u00e9f FK\"><\/a>\n\t<\/div>\n<\/div>\n<\/div>\n<\/li>\n\t\t\t\n\t\t\t\n\t\t\t\t\t\t\t\t\t\t\t\t\t\t\t\t\t\t\t\t\t\t\t\t\t\t\t\t\t\t\t\t\t\t\t\t\t\t\t\t\t\t\t\t\t\t\t\t\t\t\t\t\t\t\t\t\t\t\t\t\t\t\t\t\t\t\t\t<\/ul>\n\t<\/div>\n\t<div class=\"fusion-post-content-wrapper\" style=\"padding:40px 26px 50px 26px;\"><div class=\"fusion-post-content post-content\"><h2 class=\"blog-shortcode-post-title entry-title\"><a href=\"https:\/\/filmmakers.is\/?p=4704\">Fr\u00e9ttabr\u00e9f FK<\/a><\/h2><p class=\"fusion-single-line-meta\"><span class=\"vcard\" style=\"display: none;\"><span class=\"fn\"><a href=\"https:\/\/filmmakers.is\/?author=5\" title=\"Posts by Steingrimur Dui Masson\" rel=\"author\">Steingrimur Dui Masson<\/a><\/span><\/span><span class=\"updated\" style=\"display:none;\">2024-02-17T12:16:53+00:00<\/span><span>February 16th, 2024<\/span><span class=\"fusion-inline-sep\">|<\/span><\/p><div class=\"fusion-content-sep sep-single sep-solid\"><\/div><div class=\"fusion-post-content-container\"><p>K\u00e6ra f\u00e9lagsf\u00f3lk, s\u00ed\u00f0asta \u00e1r va<a href=\"https:\/\/filmmakers.is\/?p=4704\"> [...]<\/a><\/p><\/div><\/div><div class=\"fusion-meta-info\"><div class=\"fusion-alignleft\"><a class=\"fusion-read-more\" href=\"https:\/\/filmmakers.is\/?p=4704\" aria-label=\"More on Fr\u00e9ttabr\u00e9f FK\">Read More<\/a><\/div><\/div><\/div><div class=\"fusion-clearfix\"><\/div><\/div>\n<\/article>\n<article id=\"blog-1-post-4689\" class=\"fusion-post-grid post-4689 post type-post status-publish format-standard has-post-thumbnail hentry category-tilkynning category-frettir category-greinar\">\n<div class=\"fusion-post-wrapper\" style=\"background-color:rgba(255,255,255,1);border:1px solid #e0e0e0;border-bottom-width:3px;\">\n\n\t\t\t<div class=\"fusion-flexslider flexslider fusion-flexslider-loading fusion-post-slideshow\" style=\"border-color:#e0e0e0;\">\n\t\t<ul class=\"slides\">\n\t\t\t\n\t\t\t\t\t\t\t\t\t\t\t\t\t\t<li><div  class=\"fusion-image-wrapper\" aria-haspopup=\"true\">\n\t\t\t\t<img decoding=\"async\" width=\"900\" height=\"650\" src=\"https:\/\/filmmakers.is\/wp-content\/uploads\/2019\/11\/logo_1966.jpg\" class=\"attachment-full size-full wp-post-image\" alt=\"\" srcset=\"https:\/\/filmmakers.is\/wp-content\/uploads\/2019\/11\/logo_1966-200x144.jpg 200w, https:\/\/filmmakers.is\/wp-content\/uploads\/2019\/11\/logo_1966-400x289.jpg 400w, https:\/\/filmmakers.is\/wp-content\/uploads\/2019\/11\/logo_1966-600x433.jpg 600w, https:\/\/filmmakers.is\/wp-content\/uploads\/2019\/11\/logo_1966-800x578.jpg 800w, https:\/\/filmmakers.is\/wp-content\/uploads\/2019\/11\/logo_1966.jpg 900w\" sizes=\"(min-width: 2200px) 100vw, (min-width: 712px) 570px, (min-width: 640px) 712px, \" \/><div class=\"fusion-rollover\">\n\t<div class=\"fusion-rollover-content\">\n\n\t\t\t\t\t\t\t\t\t\t\t\t\t\t<a class=\"fusion-rollover-link\" href=\"https:\/\/filmmakers.is\/?p=4689\">Sk\u00fdrsla stj\u00f3rnar 2023<\/a>\n\t\t\t\n\t\t\t\t\t\t\t\t\n\t\t\n\t\t\t\t\t\t\t\t\t\t\t\t<h4 class=\"fusion-rollover-title\">\n\t\t\t\t\t<a class=\"fusion-rollover-title-link\" href=\"https:\/\/filmmakers.is\/?p=4689\">\n\t\t\t\t\t\tSk\u00fdrsla stj\u00f3rnar 2023\t\t\t\t\t<\/a>\n\t\t\t\t<\/h4>\n\t\t\t\n\t\t\t\t\t\t\t\t\n\t\t\n\t\t\t\t\t\t<a class=\"fusion-link-wrapper\" href=\"https:\/\/filmmakers.is\/?p=4689\" aria-label=\"Sk\u00fdrsla stj\u00f3rnar 2023\"><\/a>\n\t<\/div>\n<\/div>\n<\/div>\n<\/li>\n\t\t\t\n\t\t\t\n\t\t\t\t\t\t\t\t\t\t\t\t\t\t\t\t\t\t\t\t\t\t\t\t\t\t\t\t\t\t\t\t\t\t\t\t\t\t\t\t\t\t\t\t\t\t\t\t\t\t\t\t\t\t\t\t\t\t\t\t\t\t\t\t\t\t\t\t<\/ul>\n\t<\/div>\n\t<div class=\"fusion-post-content-wrapper\" style=\"padding:40px 26px 50px 26px;\"><div class=\"fusion-post-content post-content\"><h2 class=\"blog-shortcode-post-title entry-title\"><a href=\"https:\/\/filmmakers.is\/?p=4689\">Sk\u00fdrsla stj\u00f3rnar 2023<\/a><\/h2><p class=\"fusion-single-line-meta\"><span class=\"vcard\" style=\"display: none;\"><span class=\"fn\"><a href=\"https:\/\/filmmakers.is\/?author=5\" title=\"Posts by Steingrimur Dui Masson\" rel=\"author\">Steingrimur Dui Masson<\/a><\/span><\/span><span class=\"updated\" style=\"display:none;\">2023-10-17T13:54:59+00:00<\/span><span>October 17th, 2023<\/span><span class=\"fusion-inline-sep\">|<\/span><\/p><div class=\"fusion-content-sep sep-single sep-solid\"><\/div><div class=\"fusion-post-content-container\"><p>K\u00e6ri f\u00e9lagi, H\u00e9r koma nokktir <a href=\"https:\/\/filmmakers.is\/?p=4689\"> [...]<\/a><\/p><\/div><\/div><div class=\"fusion-meta-info\"><div class=\"fusion-alignleft\"><a class=\"fusion-read-more\" href=\"https:\/\/filmmakers.is\/?p=4689\" aria-label=\"More on Sk\u00fdrsla stj\u00f3rnar 2023\">Read More<\/a><\/div><\/div><\/div><div class=\"fusion-clearfix\"><\/div><\/div>\n<\/article>\n<article id=\"blog-1-post-4551\" class=\"fusion-post-grid post-4551 post type-post status-publish format-standard hentry category-tilkynning category-frettir\">\n<div class=\"fusion-post-wrapper\" style=\"background-color:rgba(255,255,255,1);border:1px solid #e0e0e0;border-bottom-width:3px;\">\n\n<div class=\"fusion-post-content-wrapper\" style=\"padding:40px 26px 50px 26px;\"><div class=\"fusion-post-content post-content\"><h2 class=\"blog-shortcode-post-title entry-title\"><a href=\"https:\/\/filmmakers.is\/?p=4551\">\u00c1lyktun FK um hvalvei\u00f0ar<\/a><\/h2><p class=\"fusion-single-line-meta\"><span class=\"vcard\" style=\"display: none;\"><span class=\"fn\"><a href=\"https:\/\/filmmakers.is\/?author=5\" title=\"Posts by Steingrimur Dui Masson\" rel=\"author\">Steingrimur Dui Masson<\/a><\/span><\/span><span class=\"updated\" style=\"display:none;\">2023-09-05T18:13:28+00:00<\/span><span>September 5th, 2023<\/span><span class=\"fusion-inline-sep\">|<\/span><\/p><div class=\"fusion-content-sep sep-single sep-solid\"><\/div><div class=\"fusion-post-content-container\"><p>Stj\u00f3rn FK \u00e1lyktar eftirfarandi<a href=\"https:\/\/filmmakers.is\/?p=4551\"> [...]<\/a><\/p><\/div><\/div><div class=\"fusion-meta-info\"><div class=\"fusion-alignleft\"><a class=\"fusion-read-more\" href=\"https:\/\/filmmakers.is\/?p=4551\" aria-label=\"More on \u00c1lyktun FK um hvalvei\u00f0ar\">Read More<\/a><\/div><\/div><\/div><div class=\"fusion-clearfix\"><\/div><\/div>\n<\/article>\n<article id=\"blog-1-post-4530\" class=\"fusion-post-grid post-4530 post type-post status-publish format-standard hentry category-frettir\">\n<div class=\"fusion-post-wrapper\" style=\"background-color:rgba(255,255,255,1);border:1px solid #e0e0e0;border-bottom-width:3px;\">\n\n<div class=\"fusion-post-content-wrapper\" style=\"padding:40px 26px 50px 26px;\"><div class=\"fusion-post-content post-content\"><h2 class=\"blog-shortcode-post-title entry-title\"><a href=\"https:\/\/filmmakers.is\/?p=4530\">A\u00f0alfundarbo\u00f0 FK<\/a><\/h2><p class=\"fusion-single-line-meta\"><span class=\"vcard\" style=\"display: none;\"><span class=\"fn\"><a href=\"https:\/\/filmmakers.is\/?author=5\" title=\"Posts by Steingrimur Dui Masson\" rel=\"author\">Steingrimur Dui Masson<\/a><\/span><\/span><span class=\"updated\" style=\"display:none;\">2023-08-31T16:35:56+00:00<\/span><span>August 31st, 2023<\/span><span class=\"fusion-inline-sep\">|<\/span><\/p><div class=\"fusion-content-sep sep-single sep-solid\"><\/div><div class=\"fusion-post-content-container\"><p>\u00a0\u00a0\u00a0\u00a0\u00a0 Stj\u00f3rn F\u00e9lags Kvikmyndag<a href=\"https:\/\/filmmakers.is\/?p=4530\"> [...]<\/a><\/p><\/div><\/div><div class=\"fusion-meta-info\"><div class=\"fusion-alignleft\"><a class=\"fusion-read-more\" href=\"https:\/\/filmmakers.is\/?p=4530\" aria-label=\"More on A\u00f0alfundarbo\u00f0 FK\">Read More<\/a><\/div><\/div><\/div><div class=\"fusion-clearfix\"><\/div><\/div>\n<\/article>\n<div class=\"fusion-clearfix\"><\/div><\/div><div class=\"fusion-infinite-scroll-trigger\"><\/div><div class=\"pagination infinite-scroll clearfix\" style=\"display:none;\"><span class=\"current\">1<\/span><a href=\"https:\/\/filmmakers.is\/index.php?rest_route=%2Fwp%2Fv2%2Fpages%2F14&#038;paged=2\" class=\"inactive\">2<\/a><a class=\"pagination-next\" rel=\"next\" href=\"https:\/\/filmmakers.is\/index.php?rest_route=%2Fwp%2Fv2%2Fpages%2F14&#038;paged=2\"><span class=\"page-text\">Next<\/span><span class=\"page-next\"><\/span><\/a><\/div><div class=\"fusion-clearfix\"><\/div><button class=\"fusion-load-more-button fusion-blog-button fusion-clearfix\">Load More Posts<\/button><\/div><div class=\"fusion-clearfix\"><\/div><\/div><\/div><\/div><\/div>\n","protected":false},"excerpt":{"rendered":"","protected":false},"author":1,"featured_media":0,"parent":0,"menu_order":0,"comment_status":"closed","ping_status":"closed","template":"","meta":{"footnotes":""},"class_list":["post-14","page","type-page","status-publish","hentry"],"yoast_head":"<!-- This site is optimized with the Yoast SEO plugin v27.3 - https:\/\/yoast.com\/product\/yoast-seo-wordpress\/ -->\n<title>Fr\u00e9ttir - FK<\/title>\n<meta name=\"robots\" content=\"index, follow, max-snippet:-1, max-image-preview:large, max-video-preview:-1\" \/>\n<link rel=\"canonical\" href=\"https:\/\/filmmakers.is\/?page_id=14\" \/>\n<meta property=\"og:locale\" content=\"en_US\" \/>\n<meta property=\"og:type\" content=\"article\" \/>\n<meta property=\"og:title\" content=\"Fr\u00e9ttir - FK\" \/>\n<meta property=\"og:url\" content=\"https:\/\/filmmakers.is\/?page_id=14\" \/>\n<meta property=\"og:site_name\" content=\"FK\" \/>\n<meta property=\"article:publisher\" content=\"https:\/\/www.facebook.com\/fagfelagidFK\/\" \/>\n<meta property=\"article:modified_time\" content=\"2020-05-02T21:40:56+00:00\" \/>\n<meta name=\"twitter:card\" content=\"summary_large_image\" \/>\n<meta name=\"twitter:label1\" content=\"Est. reading time\" \/>\n\t<meta name=\"twitter:data1\" content=\"2 minutes\" \/>\n<script type=\"application\/ld+json\" class=\"yoast-schema-graph\">{\"@context\":\"https:\\\/\\\/schema.org\",\"@graph\":[{\"@type\":[\"WebPage\",\"CollectionPage\"],\"@id\":\"https:\\\/\\\/filmmakers.is\\\/?page_id=14\",\"url\":\"https:\\\/\\\/filmmakers.is\\\/?page_id=14\",\"name\":\"Fr\u00e9ttir - FK\",\"isPartOf\":{\"@id\":\"https:\\\/\\\/filmmakers.is\\\/#website\"},\"datePublished\":\"2017-11-15T09:43:04+00:00\",\"dateModified\":\"2020-05-02T21:40:56+00:00\",\"breadcrumb\":{\"@id\":\"https:\\\/\\\/filmmakers.is\\\/?page_id=14#breadcrumb\"},\"inLanguage\":\"en-US\"},{\"@type\":\"BreadcrumbList\",\"@id\":\"https:\\\/\\\/filmmakers.is\\\/?page_id=14#breadcrumb\",\"itemListElement\":[{\"@type\":\"ListItem\",\"position\":1,\"name\":\"Home\",\"item\":\"https:\\\/\\\/filmmakers.is\\\/\"},{\"@type\":\"ListItem\",\"position\":2,\"name\":\"Fr\u00e9ttir\"}]},{\"@type\":\"WebSite\",\"@id\":\"https:\\\/\\\/filmmakers.is\\\/#website\",\"url\":\"https:\\\/\\\/filmmakers.is\\\/\",\"name\":\"FK\",\"description\":\"F\u00e9lag kvikmyndager\u00f0amanna\",\"publisher\":{\"@id\":\"https:\\\/\\\/filmmakers.is\\\/#organization\"},\"potentialAction\":[{\"@type\":\"SearchAction\",\"target\":{\"@type\":\"EntryPoint\",\"urlTemplate\":\"https:\\\/\\\/filmmakers.is\\\/?s={search_term_string}\"},\"query-input\":{\"@type\":\"PropertyValueSpecification\",\"valueRequired\":true,\"valueName\":\"search_term_string\"}}],\"inLanguage\":\"en-US\"},{\"@type\":\"Organization\",\"@id\":\"https:\\\/\\\/filmmakers.is\\\/#organization\",\"name\":\"F\u00e9lag kvikmyndager\u00f0armanna\",\"alternateName\":\"The Icelandic filmmakers association\",\"url\":\"https:\\\/\\\/filmmakers.is\\\/\",\"logo\":{\"@type\":\"ImageObject\",\"inLanguage\":\"en-US\",\"@id\":\"https:\\\/\\\/filmmakers.is\\\/#\\\/schema\\\/logo\\\/image\\\/\",\"url\":\"https:\\\/\\\/filmmakers.is\\\/wp-content\\\/uploads\\\/2024\\\/12\\\/FK_logo_2.png\",\"contentUrl\":\"https:\\\/\\\/filmmakers.is\\\/wp-content\\\/uploads\\\/2024\\\/12\\\/FK_logo_2.png\",\"width\":594,\"height\":244,\"caption\":\"F\u00e9lag kvikmyndager\u00f0armanna\"},\"image\":{\"@id\":\"https:\\\/\\\/filmmakers.is\\\/#\\\/schema\\\/logo\\\/image\\\/\"},\"sameAs\":[\"https:\\\/\\\/www.facebook.com\\\/fagfelagidFK\\\/\"]}]}<\/script>\n<!-- \/ Yoast SEO plugin. -->","yoast_head_json":{"title":"Fr\u00e9ttir - FK","robots":{"index":"index","follow":"follow","max-snippet":"max-snippet:-1","max-image-preview":"max-image-preview:large","max-video-preview":"max-video-preview:-1"},"canonical":"https:\/\/filmmakers.is\/?page_id=14","og_locale":"en_US","og_type":"article","og_title":"Fr\u00e9ttir - FK","og_url":"https:\/\/filmmakers.is\/?page_id=14","og_site_name":"FK","article_publisher":"https:\/\/www.facebook.com\/fagfelagidFK\/","article_modified_time":"2020-05-02T21:40:56+00:00","twitter_card":"summary_large_image","twitter_misc":{"Est. reading time":"2 minutes"},"schema":{"@context":"https:\/\/schema.org","@graph":[{"@type":["WebPage","CollectionPage"],"@id":"https:\/\/filmmakers.is\/?page_id=14","url":"https:\/\/filmmakers.is\/?page_id=14","name":"Fr\u00e9ttir - FK","isPartOf":{"@id":"https:\/\/filmmakers.is\/#website"},"datePublished":"2017-11-15T09:43:04+00:00","dateModified":"2020-05-02T21:40:56+00:00","breadcrumb":{"@id":"https:\/\/filmmakers.is\/?page_id=14#breadcrumb"},"inLanguage":"en-US"},{"@type":"BreadcrumbList","@id":"https:\/\/filmmakers.is\/?page_id=14#breadcrumb","itemListElement":[{"@type":"ListItem","position":1,"name":"Home","item":"https:\/\/filmmakers.is\/"},{"@type":"ListItem","position":2,"name":"Fr\u00e9ttir"}]},{"@type":"WebSite","@id":"https:\/\/filmmakers.is\/#website","url":"https:\/\/filmmakers.is\/","name":"FK","description":"F\u00e9lag kvikmyndager\u00f0amanna","publisher":{"@id":"https:\/\/filmmakers.is\/#organization"},"potentialAction":[{"@type":"SearchAction","target":{"@type":"EntryPoint","urlTemplate":"https:\/\/filmmakers.is\/?s={search_term_string}"},"query-input":{"@type":"PropertyValueSpecification","valueRequired":true,"valueName":"search_term_string"}}],"inLanguage":"en-US"},{"@type":"Organization","@id":"https:\/\/filmmakers.is\/#organization","name":"F\u00e9lag kvikmyndager\u00f0armanna","alternateName":"The Icelandic filmmakers association","url":"https:\/\/filmmakers.is\/","logo":{"@type":"ImageObject","inLanguage":"en-US","@id":"https:\/\/filmmakers.is\/#\/schema\/logo\/image\/","url":"https:\/\/filmmakers.is\/wp-content\/uploads\/2024\/12\/FK_logo_2.png","contentUrl":"https:\/\/filmmakers.is\/wp-content\/uploads\/2024\/12\/FK_logo_2.png","width":594,"height":244,"caption":"F\u00e9lag kvikmyndager\u00f0armanna"},"image":{"@id":"https:\/\/filmmakers.is\/#\/schema\/logo\/image\/"},"sameAs":["https:\/\/www.facebook.com\/fagfelagidFK\/"]}]}},"jetpack_sharing_enabled":true,"_links":{"self":[{"href":"https:\/\/filmmakers.is\/index.php?rest_route=\/wp\/v2\/pages\/14","targetHints":{"allow":["GET"]}}],"collection":[{"href":"https:\/\/filmmakers.is\/index.php?rest_route=\/wp\/v2\/pages"}],"about":[{"href":"https:\/\/filmmakers.is\/index.php?rest_route=\/wp\/v2\/types\/page"}],"author":[{"embeddable":true,"href":"https:\/\/filmmakers.is\/index.php?rest_route=\/wp\/v2\/users\/1"}],"replies":[{"embeddable":true,"href":"https:\/\/filmmakers.is\/index.php?rest_route=%2Fwp%2Fv2%2Fcomments&post=14"}],"version-history":[{"count":30,"href":"https:\/\/filmmakers.is\/index.php?rest_route=\/wp\/v2\/pages\/14\/revisions"}],"predecessor-version":[{"id":4241,"href":"https:\/\/filmmakers.is\/index.php?rest_route=\/wp\/v2\/pages\/14\/revisions\/4241"}],"wp:attachment":[{"href":"https:\/\/filmmakers.is\/index.php?rest_route=%2Fwp%2Fv2%2Fmedia&parent=14"}],"curies":[{"name":"wp","href":"https:\/\/api.w.org\/{rel}","templated":true}]}}