{"id":16,"date":"2017-11-15T09:43:23","date_gmt":"2017-11-15T09:43:23","guid":{"rendered":"https:\/\/filmmakers.is\/?page_id=16"},"modified":"2024-06-12T21:08:57","modified_gmt":"2024-06-12T21:08:57","slug":"felagsmenn","status":"publish","type":"page","link":"https:\/\/filmmakers.is\/?page_id=16","title":{"rendered":"F\u00e9lagsmenn"},"content":{"rendered":"<p><div class=\"fusion-fullwidth fullwidth-box fusion-builder-row-1 hundred-percent-fullwidth non-hundred-percent-height-scrolling\" style=\"--awb-border-radius-top-left:0px;--awb-border-radius-top-right:0px;--awb-border-radius-bottom-right:0px;--awb-border-radius-bottom-left:0px;--awb-padding-top:0px;--awb-padding-right:20px;--awb-padding-bottom:0px;--awb-padding-left:20px;--awb-margin-top:0px;--awb-margin-bottom:0px;--awb-background-color:#d2d2d2;--awb-flex-wrap:wrap;\" ><div class=\"fusion-builder-row fusion-row\"><div class=\"fusion-layout-column fusion_builder_column fusion-builder-column-0 fusion_builder_column_1_1 1_1 fusion-one-full fusion-column-first fusion-column-last\" style=\"--awb-bg-size:cover;--awb-margin-top:80px;--awb-margin-bottom:45px;\"><div class=\"fusion-column-wrapper fusion-flex-column-wrapper-legacy\"><div class=\"fusion-builder-row fusion-builder-row-inner fusion-row\"><div class=\"fusion-layout-column fusion_builder_column_inner fusion-builder-nested-column-0 fusion_builder_column_inner_1_3 1_3 fusion-one-third fusion-column-first\" style=\"--awb-bg-size:cover;width:33.333333333333%;width:calc(33.333333333333% - ( ( 4% ) * 0.33333333333333 ) );margin-right: 4%;\"><div class=\"fusion-column-wrapper fusion-column-has-shadow fusion-flex-column-wrapper-legacy\"><div class=\"fusion-image-element fusion-image-align-left in-legacy-container\" style=\"text-align:left;--awb-max-width:1000px;--awb-caption-title-font-family:var(--h2_typography-font-family);--awb-caption-title-font-weight:var(--h2_typography-font-weight);--awb-caption-title-font-style:var(--h2_typography-font-style);--awb-caption-title-size:var(--h2_typography-font-size);--awb-caption-title-transform:var(--h2_typography-text-transform);--awb-caption-title-line-height:var(--h2_typography-line-height);--awb-caption-title-letter-spacing:var(--h2_typography-letter-spacing);\"><span class=\" fusion-imageframe imageframe-none imageframe-1 hover-type-none\" style=\"margin-right:25px;float:left;\"><img decoding=\"async\" width=\"1024\" height=\"682\" title=\"kal-visuals-FtQE89f3EXA-unsplash\" src=\"https:\/\/filmmakers.is\/wp-content\/uploads\/2020\/04\/kal-visuals-FtQE89f3EXA-unsplash-scaled-e1587941159340-1024x682.jpg\" alt class=\"img-responsive wp-image-4063\" srcset=\"https:\/\/filmmakers.is\/wp-content\/uploads\/2020\/04\/kal-visuals-FtQE89f3EXA-unsplash-scaled-e1587941159340-200x133.jpg 200w, https:\/\/filmmakers.is\/wp-content\/uploads\/2020\/04\/kal-visuals-FtQE89f3EXA-unsplash-scaled-e1587941159340-400x267.jpg 400w, https:\/\/filmmakers.is\/wp-content\/uploads\/2020\/04\/kal-visuals-FtQE89f3EXA-unsplash-scaled-e1587941159340-600x400.jpg 600w, https:\/\/filmmakers.is\/wp-content\/uploads\/2020\/04\/kal-visuals-FtQE89f3EXA-unsplash-scaled-e1587941159340-800x533.jpg 800w, https:\/\/filmmakers.is\/wp-content\/uploads\/2020\/04\/kal-visuals-FtQE89f3EXA-unsplash-scaled-e1587941159340-1200x800.jpg 1200w\" sizes=\"(max-width: 1000px) 100vw, 1024px\" \/><\/span><\/div><div class=\"fusion-clearfix\"><\/div><\/div><\/div><div class=\"fusion-layout-column fusion_builder_column_inner fusion-builder-nested-column-1 fusion_builder_column_inner_2_3 2_3 fusion-two-third fusion-column-last\" style=\"--awb-padding-right:35px;--awb-bg-size:cover;width:66.666666666667%;width:calc(66.666666666667% - ( ( 4% ) * 0.66666666666667 ) );\"><div class=\"fusion-column-wrapper fusion-column-has-shadow fusion-flex-column-wrapper-legacy\"><div class=\"fusion-title title fusion-title-1 fusion-title-text fusion-title-size-two\" style=\"--awb-text-color:#292929;--awb-margin-top-small:30px;\"><h2 class=\"fusion-title-heading title-heading-left fusion-responsive-typography-calculated\" style=\"margin:0;--fontSize:50;line-height:1.05;\">F\u00c9LAGSMENN<\/h2><span class=\"awb-title-spacer\"><\/span><div class=\"title-sep-container\"><div class=\"title-sep sep- sep-solid\" style=\"border-color:#8b8b8b;\"><\/div><\/div><\/div><div class=\"fusion-sep-clear\"><\/div><div class=\"fusion-separator fusion-clearfix\" style=\"float:left;margin-top:16px;margin-bottom:36px;width:100%;max-width:130px;\"><div class=\"fusion-separator-border sep-single\" style=\"--awb-height:20px;--awb-amount:20px;--awb-sep-color:#d63d2d;border-color:#d63d2d;border-top-width:2px;\"><\/div><\/div><div class=\"fusion-sep-clear\"><\/div><div class=\"fusion-text fusion-text-1\"><p>Til a\u00f0 \u00f6\u00f0last f\u00e9lagsr\u00e9ttindi \u00fearftu a\u00f0 hafa loki\u00f0 a.m.k. eins \u00e1rs n\u00e1mi fr\u00e1 vi\u00f0urkenndum kvikmyndask\u00f3la. E\u00f0a hafa sinnt skapandi e\u00f0a s\u00e9rh\u00e6f\u00f0um st\u00f6rfum vi\u00f0 kvikmyndager\u00f0 \u00ed minnst 12 m\u00e1nu\u00f0i.<\/p>\n<p>Me\u00f0 skr\u00e1ningu styrkir \u00fe\u00fa sto\u00f0ir kvikmyndager\u00f0ar, og me\u00f0 \u00feinni \u00fe\u00e1ttt\u00f6ku ver\u00f0ur til samtal um stefnu stj\u00f3rnvalda og annara fagf\u00e9laga um st\u00f6\u00f0u og framt\u00ed\u00f0 kvikmyndalistar \u00e1 \u00cdslandi.<\/p>\n<\/div><ul style=\"--awb-size:17px;--awb-line-height:28.9px;--awb-icon-width:28.9px;--awb-icon-height:28.9px;--awb-icon-margin:11.9px;--awb-content-margin:40.8px;\" class=\"fusion-checklist fusion-checklist-1 fusion-checklist-default type-icons\"><li class=\"fusion-li-item\" style=\"\"><span class=\"icon-wrapper circle-no\"><i class=\"fusion-li-icon fa-arrow-alt-circle-right fas\" aria-hidden=\"true\"><\/i><\/span><div class=\"fusion-li-item-content\">\n<p><span style=\"font-weight: 400;\">F\u00e9lagar f\u00e1 a\u00f0ildarkort me\u00f0 afsl\u00e1ttartilbo\u00f0um \u00e1 v\u00f6ru og \u00fej\u00f3nustu. Uppf\u00e6rt reglulega.<\/span><\/p>\n<\/div><\/li><li class=\"fusion-li-item\" style=\"\"><span class=\"icon-wrapper circle-no\"><i class=\"fusion-li-icon fa-arrow-alt-circle-right fas\" aria-hidden=\"true\"><\/i><\/span><div class=\"fusion-li-item-content\">\n<p><span style=\"font-weight: 400;\">F\u00e9lagar me\u00f0 st\u00e9ttarf\u00e9lagsa\u00f0ild sty\u00f0ja bar\u00e1ttu okkar til a\u00f0 \u00f6\u00f0last s\u00f6mu r\u00e9ttindi og a\u00f0rir \u00e1 almennum vinnumarka\u00f0i.<\/span><\/p>\n<\/div><\/li><li class=\"fusion-li-item\" style=\"\"><span class=\"icon-wrapper circle-no\"><i class=\"fusion-li-icon fa-arrow-alt-circle-right fas\" aria-hidden=\"true\"><\/i><\/span><div class=\"fusion-li-item-content\">\n<p><span style=\"font-weight: 400;\">F\u00e9lagar taka \u00fe\u00e1tt \u00ed a\u00f0 skapa n\u00fdja framt\u00ed\u00f0ars\u00fdn fyrir \u00f6flugt fagf\u00e9lag \u00e1 f\u00e9lags- og a\u00f0alfundum.<\/span><\/p>\n<\/div><\/li><\/ul><div class=\"fusion-clearfix\"><\/div><\/div><\/div><\/div><div class=\"fusion-clearfix\"><\/div><\/div><\/div><\/div><\/div><div class=\"fusion-fullwidth fullwidth-box fusion-builder-row-2 fusion-parallax-fixed hundred-percent-fullwidth non-hundred-percent-height-scrolling\" style=\"--awb-border-radius-top-left:0px;--awb-border-radius-top-right:0px;--awb-border-radius-bottom-right:0px;--awb-border-radius-bottom-left:0px;--awb-padding-top:0px;--awb-padding-bottom:0px;--awb-margin-bottom:0px;--awb-background-color:#292929;--awb-background-image:url(&quot;https:\/\/filmmakers.is\/wp-content\/uploads\/2019\/11\/page_BG_black-2.jpg&quot;);--awb-background-size:cover;--awb-flex-wrap:wrap;background-attachment:fixed;\" ><div class=\"fusion-builder-row fusion-row\"><div class=\"fusion-layout-column fusion_builder_column fusion-builder-column-1 fusion_builder_column_1_5 1_5 fusion-one-fifth fusion-column-first fusion-column-inner-bg-wrapper fusion-animated\" style=\"--awb-inner-bg-size:cover;--awb-margin-top:45px;--awb-margin-bottom:45px;width:20%;width:calc(20% - ( ( 6% + 6% + 6% + 6% ) * 0.2 ) );margin-right: 6%;\" data-animationType=\"slideInUp\" data-animationDuration=\"0.5\" data-animationOffset=\"top-into-view\"><span class=\"fusion-column-inner-bg hover-type-none\"><a class=\"fusion-column-anchor\" href=\"https:\/\/filmmakers.is\/index.php\/felagsmenn\/fagfelag\/\"><span class=\"fusion-column-inner-bg-image\"><\/span><\/a><\/span><div class=\"fusion-column-wrapper fusion-column-has-shadow fusion-flex-column-wrapper-legacy\"><div class=\"fusion-fa-align-center\"><i class=\"fb-icon-element-1 fb-icon-element fontawesome-icon fa-user-tie fas circle-yes\" style=\"--awb-circlebordersize:1px;--awb-font-size:42.24px;--awb-width:84.48px;--awb-height:84.48px;--awb-line-height:82.48px;--awb-margin-bottom:30px;\"><\/i><\/div><div class=\"fusion-title title fusion-title-2 fusion-sep-none fusion-title-center fusion-title-text fusion-title-size-three\" style=\"--awb-margin-bottom:5px;\"><h3 class=\"fusion-title-heading title-heading-center fusion-responsive-typography-calculated\" style=\"margin:0;--fontSize:26;line-height:1.15;\">Fagf\u00e9lag<\/h3><\/div><div class=\"fusion-sep-clear\"><\/div><div class=\"fusion-separator fusion-full-width-sep\" style=\"margin-left: auto;margin-right: auto;margin-top:20px;width:100%;\"><\/div><div class=\"fusion-sep-clear\"><\/div><div class=\"fusion-clearfix\"><\/div><\/div><\/div><div class=\"fusion-layout-column fusion_builder_column fusion-builder-column-2 fusion_builder_column_1_5 1_5 fusion-one-fifth fusion-column-inner-bg-wrapper fusion-animated\" style=\"--awb-inner-bg-size:cover;--awb-margin-top:45px;--awb-margin-bottom:45px;width:20%;width:calc(20% - ( ( 6% + 6% + 6% + 6% ) * 0.2 ) );margin-right: 6%;\" data-animationType=\"slideInUp\" data-animationDuration=\"0.5\" data-animationOffset=\"top-into-view\"><span class=\"fusion-column-inner-bg hover-type-none\"><a class=\"fusion-column-anchor\" href=\"https:\/\/filmmakers.is\/index.php\/felagsmenn\/stettarfelag\/\"><span class=\"fusion-column-inner-bg-image\"><\/span><\/a><\/span><div class=\"fusion-column-wrapper fusion-flex-column-wrapper-legacy\"><div class=\"fusion-fa-align-center\"><i class=\"fb-icon-element-2 fb-icon-element fontawesome-icon fa-users fas circle-yes\" style=\"--awb-circlebordersize:1px;--awb-font-size:42.24px;--awb-width:84.48px;--awb-height:84.48px;--awb-line-height:82.48px;--awb-margin-bottom:30px;\"><\/i><\/div><div class=\"fusion-title title fusion-title-3 fusion-sep-none fusion-title-center fusion-title-text fusion-title-size-three\" style=\"--awb-margin-bottom:5px;\"><h3 class=\"fusion-title-heading title-heading-center fusion-responsive-typography-calculated\" style=\"margin:0;--fontSize:26;line-height:1.15;\">St\u00e9ttarf\u00e9lag<\/h3><\/div><div class=\"fusion-sep-clear\"><\/div><div class=\"fusion-separator fusion-full-width-sep\" style=\"margin-left: auto;margin-right: auto;margin-top:20px;width:100%;\"><\/div><div class=\"fusion-sep-clear\"><\/div><div class=\"fusion-clearfix\"><\/div><\/div><\/div><div class=\"fusion-layout-column fusion_builder_column fusion-builder-column-3 fusion_builder_column_1_5 1_5 fusion-one-fifth fusion-column-inner-bg-wrapper fusion-animated\" style=\"--awb-inner-bg-size:cover;--awb-margin-top:45px;--awb-margin-bottom:45px;width:20%;width:calc(20% - ( ( 6% + 6% + 6% + 6% ) * 0.2 ) );margin-right: 6%;\" data-animationType=\"slideInUp\" data-animationDuration=\"0.5\" data-animationOffset=\"top-into-view\"><span class=\"fusion-column-inner-bg hover-type-none\"><a class=\"fusion-column-anchor\" href=\"\/index.php\/medlimir\/nyskraning\/\"><span class=\"fusion-column-inner-bg-image\"><\/span><\/a><\/span><div class=\"fusion-column-wrapper fusion-flex-column-wrapper-legacy\"><div class=\"fusion-fa-align-center\"><i class=\"fb-icon-element-3 fb-icon-element fontawesome-icon fa-user-plus fas circle-yes\" style=\"--awb-circlebordersize:1px;--awb-font-size:42.24px;--awb-width:84.48px;--awb-height:84.48px;--awb-line-height:82.48px;--awb-margin-bottom:30px;\"><\/i><\/div><div class=\"fusion-title title fusion-title-4 fusion-sep-none fusion-title-center fusion-title-text fusion-title-size-three\" style=\"--awb-margin-bottom:5px;\"><h3 class=\"fusion-title-heading title-heading-center fusion-responsive-typography-calculated\" style=\"margin:0;--fontSize:26;line-height:1.15;\">N\u00fdskr\u00e1ning<\/h3><\/div><div class=\"fusion-sep-clear\"><\/div><div class=\"fusion-separator fusion-full-width-sep\" style=\"margin-left: auto;margin-right: auto;width:100%;\"><\/div><div class=\"fusion-sep-clear\"><\/div><div class=\"fusion-clearfix\"><\/div><\/div><\/div><div class=\"fusion-layout-column fusion_builder_column fusion-builder-column-4 fusion_builder_column_1_5 1_5 fusion-one-fifth fusion-column-inner-bg-wrapper fusion-animated\" style=\"--awb-inner-bg-size:cover;--awb-margin-top:45px;--awb-margin-bottom:45px;width:20%;width:calc(20% - ( ( 6% + 6% + 6% + 6% ) * 0.2 ) );margin-right: 6%;\" data-animationType=\"slideInUp\" data-animationDuration=\"0.5\" data-animationOffset=\"top-into-view\"><span class=\"fusion-column-inner-bg hover-type-none\"><a class=\"fusion-column-anchor\" href=\"\/index.php\/felagsmenn\/felagatal\/\"><span class=\"fusion-column-inner-bg-image\"><\/span><\/a><\/span><div class=\"fusion-column-wrapper fusion-flex-column-wrapper-legacy\"><div class=\"fusion-fa-align-center\"><i class=\"fb-icon-element-4 fb-icon-element fontawesome-icon fa-address-card fas circle-yes\" style=\"--awb-circlebordersize:1px;--awb-font-size:42.24px;--awb-width:84.48px;--awb-height:84.48px;--awb-line-height:82.48px;--awb-margin-bottom:30px;\"><\/i><\/div><div class=\"fusion-title title fusion-title-5 fusion-sep-none fusion-title-center fusion-title-text fusion-title-size-three\" style=\"--awb-margin-bottom:5px;\"><h3 class=\"fusion-title-heading title-heading-center fusion-responsive-typography-calculated\" style=\"margin:0;--fontSize:26;line-height:1.15;\">F\u00e9lagatal<\/h3><\/div><div class=\"fusion-sep-clear\"><\/div><div class=\"fusion-separator fusion-full-width-sep\" style=\"margin-left: auto;margin-right: auto;width:100%;\"><\/div><div class=\"fusion-sep-clear\"><\/div><div class=\"fusion-clearfix\"><\/div><\/div><\/div><div class=\"fusion-layout-column fusion_builder_column fusion-builder-column-5 fusion_builder_column_1_5 1_5 fusion-one-fifth fusion-column-last fusion-column-inner-bg-wrapper fusion-animated\" style=\"--awb-inner-bg-size:cover;--awb-margin-top:45px;--awb-margin-bottom:45px;width:20%;width:calc(20% - ( ( 6% + 6% + 6% + 6% ) * 0.2 ) );\" data-animationType=\"slideInUp\" data-animationDuration=\"0.5\" data-animationOffset=\"top-into-view\"><span class=\"fusion-column-inner-bg hover-type-none\"><a class=\"fusion-column-anchor\" href=\"\/index.php\/felagsmenn\/ihm-uthlutunarreglur-2\/\"><span class=\"fusion-column-inner-bg-image\"><\/span><\/a><\/span><div class=\"fusion-column-wrapper fusion-flex-column-wrapper-legacy\"><div class=\"fusion-fa-align-center\"><i class=\"fb-icon-element-5 fb-icon-element fontawesome-icon fa-ruler fas circle-yes\" style=\"--awb-circlebordersize:1px;--awb-font-size:42.24px;--awb-width:84.48px;--awb-height:84.48px;--awb-line-height:82.48px;--awb-margin-bottom:30px;\"><\/i><\/div><div class=\"fusion-title title fusion-title-6 fusion-sep-none fusion-title-center fusion-title-text fusion-title-size-three\" style=\"--awb-margin-bottom:5px;\"><h3 class=\"fusion-title-heading title-heading-center fusion-responsive-typography-calculated\" style=\"margin:0;--fontSize:26;line-height:1.15;\">Um h\u00f6fundasj\u00f3\u00f0i FK<\/h3><\/div><div class=\"fusion-sep-clear\"><\/div><div class=\"fusion-separator fusion-full-width-sep\" style=\"margin-left: auto;margin-right: auto;width:100%;\"><\/div><div class=\"fusion-sep-clear\"><\/div><div class=\"fusion-clearfix\"><\/div><\/div><\/div><\/div><\/div><\/p>\n","protected":false},"excerpt":{"rendered":"","protected":false},"author":1,"featured_media":0,"parent":0,"menu_order":0,"comment_status":"closed","ping_status":"closed","template":"100-width.php","meta":{"footnotes":""},"class_list":["post-16","page","type-page","status-publish","hentry"],"yoast_head":"<!-- This site is optimized with the Yoast SEO plugin v27.5 - https:\/\/yoast.com\/product\/yoast-seo-wordpress\/ -->\n<title>F\u00e9lagsmenn - FK<\/title>\n<meta name=\"robots\" content=\"index, follow, max-snippet:-1, max-image-preview:large, max-video-preview:-1\" \/>\n<link rel=\"canonical\" href=\"https:\/\/filmmakers.is\/?page_id=16\" \/>\n<meta property=\"og:locale\" content=\"en_US\" \/>\n<meta property=\"og:type\" content=\"article\" \/>\n<meta property=\"og:title\" content=\"F\u00e9lagsmenn - FK\" \/>\n<meta property=\"og:url\" content=\"https:\/\/filmmakers.is\/?page_id=16\" \/>\n<meta property=\"og:site_name\" content=\"FK\" \/>\n<meta property=\"article:publisher\" content=\"https:\/\/www.facebook.com\/fagfelagidFK\/\" \/>\n<meta property=\"article:modified_time\" content=\"2024-06-12T21:08:57+00:00\" \/>\n<meta name=\"twitter:card\" content=\"summary_large_image\" \/>\n<meta name=\"twitter:label1\" content=\"Est. reading time\" \/>\n\t<meta name=\"twitter:data1\" content=\"4 minutes\" \/>\n<script type=\"application\/ld+json\" class=\"yoast-schema-graph\">{\"@context\":\"https:\\\/\\\/schema.org\",\"@graph\":[{\"@type\":\"WebPage\",\"@id\":\"https:\\\/\\\/filmmakers.is\\\/?page_id=16\",\"url\":\"https:\\\/\\\/filmmakers.is\\\/?page_id=16\",\"name\":\"F\u00e9lagsmenn - FK\",\"isPartOf\":{\"@id\":\"https:\\\/\\\/filmmakers.is\\\/#website\"},\"datePublished\":\"2017-11-15T09:43:23+00:00\",\"dateModified\":\"2024-06-12T21:08:57+00:00\",\"breadcrumb\":{\"@id\":\"https:\\\/\\\/filmmakers.is\\\/?page_id=16#breadcrumb\"},\"inLanguage\":\"en-US\",\"potentialAction\":[{\"@type\":\"ReadAction\",\"target\":[\"https:\\\/\\\/filmmakers.is\\\/?page_id=16\"]}]},{\"@type\":\"BreadcrumbList\",\"@id\":\"https:\\\/\\\/filmmakers.is\\\/?page_id=16#breadcrumb\",\"itemListElement\":[{\"@type\":\"ListItem\",\"position\":1,\"name\":\"Home\",\"item\":\"https:\\\/\\\/filmmakers.is\\\/\"},{\"@type\":\"ListItem\",\"position\":2,\"name\":\"F\u00e9lagsmenn\"}]},{\"@type\":\"WebSite\",\"@id\":\"https:\\\/\\\/filmmakers.is\\\/#website\",\"url\":\"https:\\\/\\\/filmmakers.is\\\/\",\"name\":\"FK\",\"description\":\"F\u00e9lag kvikmyndager\u00f0amanna\",\"publisher\":{\"@id\":\"https:\\\/\\\/filmmakers.is\\\/#organization\"},\"potentialAction\":[{\"@type\":\"SearchAction\",\"target\":{\"@type\":\"EntryPoint\",\"urlTemplate\":\"https:\\\/\\\/filmmakers.is\\\/?s={search_term_string}\"},\"query-input\":{\"@type\":\"PropertyValueSpecification\",\"valueRequired\":true,\"valueName\":\"search_term_string\"}}],\"inLanguage\":\"en-US\"},{\"@type\":\"Organization\",\"@id\":\"https:\\\/\\\/filmmakers.is\\\/#organization\",\"name\":\"F\u00e9lag kvikmyndager\u00f0armanna\",\"alternateName\":\"The Icelandic filmmakers association\",\"url\":\"https:\\\/\\\/filmmakers.is\\\/\",\"logo\":{\"@type\":\"ImageObject\",\"inLanguage\":\"en-US\",\"@id\":\"https:\\\/\\\/filmmakers.is\\\/#\\\/schema\\\/logo\\\/image\\\/\",\"url\":\"https:\\\/\\\/filmmakers.is\\\/wp-content\\\/uploads\\\/2024\\\/12\\\/FK_logo_2.png\",\"contentUrl\":\"https:\\\/\\\/filmmakers.is\\\/wp-content\\\/uploads\\\/2024\\\/12\\\/FK_logo_2.png\",\"width\":594,\"height\":244,\"caption\":\"F\u00e9lag kvikmyndager\u00f0armanna\"},\"image\":{\"@id\":\"https:\\\/\\\/filmmakers.is\\\/#\\\/schema\\\/logo\\\/image\\\/\"},\"sameAs\":[\"https:\\\/\\\/www.facebook.com\\\/fagfelagidFK\\\/\"]}]}<\/script>\n<!-- \/ Yoast SEO plugin. -->","yoast_head_json":{"title":"F\u00e9lagsmenn - FK","robots":{"index":"index","follow":"follow","max-snippet":"max-snippet:-1","max-image-preview":"max-image-preview:large","max-video-preview":"max-video-preview:-1"},"canonical":"https:\/\/filmmakers.is\/?page_id=16","og_locale":"en_US","og_type":"article","og_title":"F\u00e9lagsmenn - FK","og_url":"https:\/\/filmmakers.is\/?page_id=16","og_site_name":"FK","article_publisher":"https:\/\/www.facebook.com\/fagfelagidFK\/","article_modified_time":"2024-06-12T21:08:57+00:00","twitter_card":"summary_large_image","twitter_misc":{"Est. reading time":"4 minutes"},"schema":{"@context":"https:\/\/schema.org","@graph":[{"@type":"WebPage","@id":"https:\/\/filmmakers.is\/?page_id=16","url":"https:\/\/filmmakers.is\/?page_id=16","name":"F\u00e9lagsmenn - FK","isPartOf":{"@id":"https:\/\/filmmakers.is\/#website"},"datePublished":"2017-11-15T09:43:23+00:00","dateModified":"2024-06-12T21:08:57+00:00","breadcrumb":{"@id":"https:\/\/filmmakers.is\/?page_id=16#breadcrumb"},"inLanguage":"en-US","potentialAction":[{"@type":"ReadAction","target":["https:\/\/filmmakers.is\/?page_id=16"]}]},{"@type":"BreadcrumbList","@id":"https:\/\/filmmakers.is\/?page_id=16#breadcrumb","itemListElement":[{"@type":"ListItem","position":1,"name":"Home","item":"https:\/\/filmmakers.is\/"},{"@type":"ListItem","position":2,"name":"F\u00e9lagsmenn"}]},{"@type":"WebSite","@id":"https:\/\/filmmakers.is\/#website","url":"https:\/\/filmmakers.is\/","name":"FK","description":"F\u00e9lag kvikmyndager\u00f0amanna","publisher":{"@id":"https:\/\/filmmakers.is\/#organization"},"potentialAction":[{"@type":"SearchAction","target":{"@type":"EntryPoint","urlTemplate":"https:\/\/filmmakers.is\/?s={search_term_string}"},"query-input":{"@type":"PropertyValueSpecification","valueRequired":true,"valueName":"search_term_string"}}],"inLanguage":"en-US"},{"@type":"Organization","@id":"https:\/\/filmmakers.is\/#organization","name":"F\u00e9lag kvikmyndager\u00f0armanna","alternateName":"The Icelandic filmmakers association","url":"https:\/\/filmmakers.is\/","logo":{"@type":"ImageObject","inLanguage":"en-US","@id":"https:\/\/filmmakers.is\/#\/schema\/logo\/image\/","url":"https:\/\/filmmakers.is\/wp-content\/uploads\/2024\/12\/FK_logo_2.png","contentUrl":"https:\/\/filmmakers.is\/wp-content\/uploads\/2024\/12\/FK_logo_2.png","width":594,"height":244,"caption":"F\u00e9lag kvikmyndager\u00f0armanna"},"image":{"@id":"https:\/\/filmmakers.is\/#\/schema\/logo\/image\/"},"sameAs":["https:\/\/www.facebook.com\/fagfelagidFK\/"]}]}},"jetpack_sharing_enabled":true,"_links":{"self":[{"href":"https:\/\/filmmakers.is\/index.php?rest_route=\/wp\/v2\/pages\/16","targetHints":{"allow":["GET"]}}],"collection":[{"href":"https:\/\/filmmakers.is\/index.php?rest_route=\/wp\/v2\/pages"}],"about":[{"href":"https:\/\/filmmakers.is\/index.php?rest_route=\/wp\/v2\/types\/page"}],"author":[{"embeddable":true,"href":"https:\/\/filmmakers.is\/index.php?rest_route=\/wp\/v2\/users\/1"}],"replies":[{"embeddable":true,"href":"https:\/\/filmmakers.is\/index.php?rest_route=%2Fwp%2Fv2%2Fcomments&post=16"}],"version-history":[{"count":55,"href":"https:\/\/filmmakers.is\/index.php?rest_route=\/wp\/v2\/pages\/16\/revisions"}],"predecessor-version":[{"id":4818,"href":"https:\/\/filmmakers.is\/index.php?rest_route=\/wp\/v2\/pages\/16\/revisions\/4818"}],"wp:attachment":[{"href":"https:\/\/filmmakers.is\/index.php?rest_route=%2Fwp%2Fv2%2Fmedia&parent=16"}],"curies":[{"name":"wp","href":"https:\/\/api.w.org\/{rel}","templated":true}]}}